{"id":164,"date":"2018-02-28T06:26:49","date_gmt":"2018-02-28T05:26:49","guid":{"rendered":"http:\/\/la9i.vktv.no\/?page_id=164"},"modified":"2021-10-22T15:03:25","modified_gmt":"2021-10-22T14:03:25","slug":"linker","status":"publish","type":"page","link":"https:\/\/www.la9i.no\/index.php\/linker\/","title":{"rendered":"Linker"},"content":{"rendered":"<p><a href=\"https:\/\/www.la9i.no\/index.php\/arkiv\/\">Arkiv la9i.no<\/a><\/p>\n<p><a href=\"http:\/\/radiokurs.kursbase.net\/\">Lisenskurs<\/a><br \/>\n<a href=\"https:\/\/www.nrrl.no\/lisensierte-radioamatorer\/\">Radioamat\u00f8rer i Norge, Lisensregister NRRL<\/a><br \/>\n<a href=\"https:\/\/www.la9i.no\/index.php\/maling-av-batterispenning\/\">M\u00e5ling av batterispenning<\/a><br \/>\n<a href=\"https:\/\/www.la9i.no\/div\/voltmar.html\">Batterispenning Marsteinsvola (siste d\u00f8gn)<\/a><br \/>\n<a href=\"https:\/\/www.nkom.no\/fritid\/radioamat%C3%B8rer\/radioamat%C3%B8rer\/liste-over-radioamat%C3%B8rer-med-norsk-lisens\">Liste over radioamat\u00f8rer med norsk lisens (Nkom)<\/a><br \/>\n<a href=\"https:\/\/aprs.fi\/#!z=8&amp;lat=64.00000&amp;lng=11.50000\" target=\"_blank\" rel=\"noopener noreferrer\">APRS Kart over mitre del av Norge<\/a><br \/>\n<a href=\"https:\/\/aprs.fi\/#!z=12&amp;lat=64.00000&amp;lng=11.52000\" target=\"_blank\" rel=\"noopener noreferrer\">APRS Digipiter Steinkjer<\/a><br \/>\n<a href=\"https:\/\/aprs.fi\/#!z=12&amp;lat=63.83500&amp;lng=11.52000\" target=\"_blank\" rel=\"noopener noreferrer\">APRS Digipiter Verdal<\/a><br \/>\nFra m\u00f8tet i mars 2018: <a href=\"https:\/\/www.la9i.no\/index.php\/raspberry-pi-med-aprs\/\">https:\/\/www.la9i.no\/index.php\/raspberry-pi-med-aprs\/<\/a><br \/>\n<a href=\"http:\/\/www.hammeeting.no\/wp-content\/uploads\/2018\/04\/SM0JZT-Tilman-SDR-Operat%C3%B6rsgr%C3%A4nssnitt_ver3.pdf\">SDR Operat\u00f6rsgr\u00e4nssnitt<\/a><br \/>\n<a href=\"http:\/\/kiwisdr.com\/public\/\">Kiwi SDR<\/a><\/p>\n<p><script type=\"text\/javascript\" src=\"\/div\/myip.js\"><\/script><\/p>\n","protected":false},"excerpt":{"rendered":"<p>Arkiv la9i.no Lisenskurs Radioamat\u00f8rer i Norge, Lisensregister NRRL M\u00e5ling av batterispenning Batterispenning Marsteinsvola (siste d\u00f8gn) Liste over radioamat\u00f8rer med norsk lisens (Nkom) APRS Kart over mitre del av Norge APRS Digipiter Steinkjer APRS Digipiter Verdal Fra m\u00f8tet i mars 2018: https:\/\/www.la9i.no\/index.php\/raspberry-pi-med-aprs\/ SDR Operat\u00f6rsgr\u00e4nssnitt Kiwi SDR<a class=\"more-link\" href=\"https:\/\/www.la9i.no\/index.php\/linker\/\">Read More &rarr;<\/a><\/p>\n","protected":false},"author":1,"featured_media":0,"parent":0,"menu_order":0,"comment_status":"closed","ping_status":"closed","template":"","meta":[],"_links":{"self":[{"href":"https:\/\/www.la9i.no\/index.php\/wp-json\/wp\/v2\/pages\/164"}],"collection":[{"href":"https:\/\/www.la9i.no\/index.php\/wp-json\/wp\/v2\/pages"}],"about":[{"href":"https:\/\/www.la9i.no\/index.php\/wp-json\/wp\/v2\/types\/page"}],"author":[{"embeddable":true,"href":"https:\/\/www.la9i.no\/index.php\/wp-json\/wp\/v2\/users\/1"}],"replies":[{"embeddable":true,"href":"https:\/\/www.la9i.no\/index.php\/wp-json\/wp\/v2\/comments?post=164"}],"version-history":[{"count":24,"href":"https:\/\/www.la9i.no\/index.php\/wp-json\/wp\/v2\/pages\/164\/revisions"}],"predecessor-version":[{"id":728,"href":"https:\/\/www.la9i.no\/index.php\/wp-json\/wp\/v2\/pages\/164\/revisions\/728"}],"wp:attachment":[{"href":"https:\/\/www.la9i.no\/index.php\/wp-json\/wp\/v2\/media?parent=164"}],"curies":[{"name":"wp","href":"https:\/\/api.w.org\/{rel}","templated":true}]}}