{"id":255,"date":"2018-03-03T11:41:51","date_gmt":"2018-03-03T10:41:51","guid":{"rendered":"https:\/\/www.la9i.no\/?page_id=255"},"modified":"2025-01-15T08:38:53","modified_gmt":"2025-01-15T07:38:53","slug":"moeteprogram","status":"publish","type":"page","link":"https:\/\/www.la9i.no\/index.php\/moeteprogram\/","title":{"rendered":"M\u00f8teprogram"},"content":{"rendered":"\n<p>Vi avholder medlemsm\u00f8ter hver andre tirsdag i m\u00e5neden. M\u00f8tet i februar er generalforsamling\/\u00e5rsm\u00f8te. Ingen m\u00f8ter i juni, juli og august. I desember avholdes julem\u00f8te.<\/p>\n","protected":false},"excerpt":{"rendered":"<p>Vi avholder medlemsm\u00f8ter hver andre tirsdag i m\u00e5neden. M\u00f8tet i februar er generalforsamling\/\u00e5rsm\u00f8te. Ingen m\u00f8ter i juni, juli og august. I desember avholdes julem\u00f8te.<a class=\"more-link\" href=\"https:\/\/www.la9i.no\/index.php\/moeteprogram\/\">Read More &rarr;<\/a><\/p>\n","protected":false},"author":1,"featured_media":0,"parent":0,"menu_order":0,"comment_status":"closed","ping_status":"closed","template":"","meta":[],"_links":{"self":[{"href":"https:\/\/www.la9i.no\/index.php\/wp-json\/wp\/v2\/pages\/255"}],"collection":[{"href":"https:\/\/www.la9i.no\/index.php\/wp-json\/wp\/v2\/pages"}],"about":[{"href":"https:\/\/www.la9i.no\/index.php\/wp-json\/wp\/v2\/types\/page"}],"author":[{"embeddable":true,"href":"https:\/\/www.la9i.no\/index.php\/wp-json\/wp\/v2\/users\/1"}],"replies":[{"embeddable":true,"href":"https:\/\/www.la9i.no\/index.php\/wp-json\/wp\/v2\/comments?post=255"}],"version-history":[{"count":4,"href":"https:\/\/www.la9i.no\/index.php\/wp-json\/wp\/v2\/pages\/255\/revisions"}],"predecessor-version":[{"id":824,"href":"https:\/\/www.la9i.no\/index.php\/wp-json\/wp\/v2\/pages\/255\/revisions\/824"}],"wp:attachment":[{"href":"https:\/\/www.la9i.no\/index.php\/wp-json\/wp\/v2\/media?parent=255"}],"curies":[{"name":"wp","href":"https:\/\/api.w.org\/{rel}","templated":true}]}}