{"id":261,"date":"2018-03-03T12:53:40","date_gmt":"2018-03-03T11:53:40","guid":{"rendered":"https:\/\/www.la9i.no\/?page_id=261"},"modified":"2018-03-17T11:48:20","modified_gmt":"2018-03-17T10:48:20","slug":"raspberry-pi-med-aprs","status":"publish","type":"page","link":"https:\/\/www.la9i.no\/index.php\/raspberry-pi-med-aprs\/","title":{"rendered":"Raspberry Pi med APRS"},"content":{"rendered":"<p>I gamle dager koblet vi PC-en til en TNC (terminal node controller), og TNC-en til tranceiveren. TNC-en fungerte som et modem. Med kraftigere PC-er ble TNC-en overfl\u00f8dig. I dag kan vi la lydkortet sende og motta signaler fra tranceiveren og PC-en erstatter TNC-en. Et eksmpel p\u00e5 slik software er Direwolf\u00a0\u00a0<a href=\"https:\/\/github.com\/wb2osz\/direwolf\/blob\/dev\/doc\/README.md\">(https:\/\/github.com\/wb2osz\/direwolf\/blob\/dev\/doc\/README.md)<\/a><\/p>\n<p>En Raspberry PI er mer enn kraftig nok til \u00e5 kj\u00f8re Direwolf. Vi m\u00e5 riktignok bruke et eksternt USB-lydkort fordi Raspberry PI ikke har noen mikrofon-inngang (eller andre audio-innganger). De aller fleste USB-lydkort kan brukes.<\/p>\n<p>&#8220;Raspbian&#8221; er et operativsystem som er tilpasset Raspberry PI og som er et Linux-OS basert p\u00e5 Debian. Installasjonen er veldig enkel:<\/p>\n<p>Last ned nyeste Raspbian her:\u00a0<a href=\"https:\/\/www.raspberrypi.org\/downloads\/raspbian\/\">https:\/\/www.raspberrypi.org\/downloads\/raspbian<\/a><\/p>\n<p>Hvordan installere Raspbian:\u00a0<a href=\"https:\/\/www.raspberrypi.org\/documentation\/installation\/installing-images\/README.md\">https:\/\/www.raspberrypi.org\/documentation\/installation\/installing-images\/README.md<\/a><\/p>\n<p>Lagre .img til et SD-kort (Etcher leser zip)<\/p>\n<ul>\n<li>Linux: Etcher\u00a0<a href=\"https:\/\/etcher.io\/\">https:\/\/etcher.io\/<\/a>\u00a0eller\n<pre><span style=\"color: #008000;\">dd bs=4M if=path_of_your_image.img of=\/dev\/sdX conv=fsync<\/span><\/pre>\n<\/li>\n<li>Windows: Etcher.\u00a0<a href=\"https:\/\/etcher.io\/\">https:\/\/etcher.io\/<\/a><\/li>\n<li>Mac OS: Etcher <a href=\"https:\/\/etcher.io\/\">https:\/\/etcher.io\/<\/a> eller\n<pre><span style=\"color: #008000;\">sudo dd bs=1m if=path_of_your_image.img of=\/dev\/rdiskn conv=sync<\/span><\/pre>\n<\/li>\n<\/ul>\n<p>&nbsp;<\/p>\n<p><a href=\"https:\/\/github.com\/wb2osz\/direwolf\/blob\/master\/doc\/Raspberry-Pi-APRS.pdf\">https:\/\/github.com\/wb2osz\/direwolf\/blob\/master\/doc\/Raspberry-Pi-APRS.pdf<\/a><\/p>\n<p><a href=\"ftp:\/\/ftp.tapr.org\/aprssig\/aprsspec\/spec\/aprs101\/APRS101.pdf\">APRS PROTOCOL REFERENCE<\/a><\/p>\n","protected":false},"excerpt":{"rendered":"<p>I gamle dager koblet vi PC-en til en TNC (terminal node controller), og TNC-en til tranceiveren. TNC-en fungerte som et modem. Med kraftigere PC-er ble TNC-en overfl\u00f8dig. I dag kan vi la lydkortet sende og motta signaler fra tranceiveren og PC-en erstatter TNC-en. Et eksmpel p\u00e5 slik software er Direwolf\u00a0\u00a0(https:\/\/github.com\/wb2osz\/direwolf\/blob\/dev\/doc\/README.md) En Raspberry PI er mer enn kraftig nok til \u00e5 kj\u00f8re Direwolf. Vi m\u00e5 riktignok bruke et eksternt USB-lydkort fordi Raspberry PI ikke har noen mikrofon-inngang (eller andre audio-innganger). De aller fleste USB-lydkort kan brukes. &#8220;Raspbian&#8221; er et operativsystem som er tilpasset Raspberry PI og som er et Linux-OS basert p\u00e5 Debian. Installasjonen er veldig<a class=\"more-link\" href=\"https:\/\/www.la9i.no\/index.php\/raspberry-pi-med-aprs\/\">Read More &rarr;<\/a><\/p>\n","protected":false},"author":1,"featured_media":0,"parent":0,"menu_order":0,"comment_status":"closed","ping_status":"closed","template":"","meta":[],"_links":{"self":[{"href":"https:\/\/www.la9i.no\/index.php\/wp-json\/wp\/v2\/pages\/261"}],"collection":[{"href":"https:\/\/www.la9i.no\/index.php\/wp-json\/wp\/v2\/pages"}],"about":[{"href":"https:\/\/www.la9i.no\/index.php\/wp-json\/wp\/v2\/types\/page"}],"author":[{"embeddable":true,"href":"https:\/\/www.la9i.no\/index.php\/wp-json\/wp\/v2\/users\/1"}],"replies":[{"embeddable":true,"href":"https:\/\/www.la9i.no\/index.php\/wp-json\/wp\/v2\/comments?post=261"}],"version-history":[{"count":12,"href":"https:\/\/www.la9i.no\/index.php\/wp-json\/wp\/v2\/pages\/261\/revisions"}],"predecessor-version":[{"id":275,"href":"https:\/\/www.la9i.no\/index.php\/wp-json\/wp\/v2\/pages\/261\/revisions\/275"}],"wp:attachment":[{"href":"https:\/\/www.la9i.no\/index.php\/wp-json\/wp\/v2\/media?parent=261"}],"curies":[{"name":"wp","href":"https:\/\/api.w.org\/{rel}","templated":true}]}}