{"id":388,"date":"2018-09-15T14:32:50","date_gmt":"2018-09-15T13:32:50","guid":{"rendered":"https:\/\/www.la9i.no\/?page_id=388"},"modified":"2018-09-15T21:23:35","modified_gmt":"2018-09-15T20:23:35","slug":"marsteinsvola-14-september-2018","status":"publish","type":"page","link":"https:\/\/www.la9i.no\/index.php\/marsteinsvola-14-september-2018\/","title":{"rendered":"Marsteinsvola 14. september 2018"},"content":{"rendered":"<figure id=\"attachment_390\" class=\"wp-caption alignnone\" style=\"max-width: 1239px\"><img loading=\"lazy\" class=\"wp-image-390 size-full\" src=\"https:\/\/www.la9i.no\/wp-content\/uploads\/2018\/09\/20180914_164817w.jpg\" alt=\"\" width=\"1239\" height=\"538\" srcset=\"https:\/\/www.la9i.no\/wp-content\/uploads\/2018\/09\/20180914_164817w.jpg 1239w, https:\/\/www.la9i.no\/wp-content\/uploads\/2018\/09\/20180914_164817w-300x130.jpg 300w, https:\/\/www.la9i.no\/wp-content\/uploads\/2018\/09\/20180914_164817w-768x333.jpg 768w, https:\/\/www.la9i.no\/wp-content\/uploads\/2018\/09\/20180914_164817w-1024x445.jpg 1024w, https:\/\/www.la9i.no\/wp-content\/uploads\/2018\/09\/20180914_164817w-425x185.jpg 425w\" sizes=\"(max-width: 1239px) 100vw, 1239px\" \/><figcaption class=\"wp-caption-text\">LV2VI, LB2KE og en hjelpemotor<\/figcaption><\/figure>\n<h4>H\u00f8yfjellskameratene LB2KE, LB2VI og LA6GHA p\u00e5 tur.<\/h4>\n<p>Denne gangen var det installering av internett og en ny temperatursensor som var turens form\u00e5l. Rune (LB2VI) hadde tatt med en hjelpemotor (Sammy) for \u00e5 spare krefter p\u00e5 tur opp, men om valget var smart er usikkert.<\/p>\n<p>Internett blir forh\u00e5pentligvis i orden i l\u00f8pet av noen dager, mens temperatursensoren (nok en DS18B20) virker med det samme. Ettersom er det er begrenset hvor lang &#8220;beacon-teksen&#8221; kan v\u00e6re m\u00e5tte vi gj\u00f8re om teksen. Eksempel:<\/p>\n<pre>iGate\u00a05\u00a0Watt\u00a0Marsteinsvola\u00a0442moh\u00a0tm=11.4\u00a0th=10.4\u00a0tu=5.4<\/pre>\n<p>tm = temperatur i huset i masta (her st\u00e5r APRS-noden)<br \/>\nth = temperatur i huset ved siden av masta<br \/>\ntu = temperaturen ute (m\u00e5lt p\u00e5 nordveggen av huset i masta)<\/p>\n<p>&nbsp;<\/p>\n<p>&nbsp;<\/p>\n<figure id=\"attachment_389\" class=\"wp-caption alignnone\" style=\"max-width: 1079px\"><img loading=\"lazy\" class=\"wp-image-389 size-full\" src=\"https:\/\/www.la9i.no\/wp-content\/uploads\/2018\/09\/20180914_164911w.jpg\" alt=\"\" width=\"1079\" height=\"616\" srcset=\"https:\/\/www.la9i.no\/wp-content\/uploads\/2018\/09\/20180914_164911w.jpg 1079w, https:\/\/www.la9i.no\/wp-content\/uploads\/2018\/09\/20180914_164911w-300x171.jpg 300w, https:\/\/www.la9i.no\/wp-content\/uploads\/2018\/09\/20180914_164911w-768x438.jpg 768w, https:\/\/www.la9i.no\/wp-content\/uploads\/2018\/09\/20180914_164911w-1024x585.jpg 1024w, https:\/\/www.la9i.no\/wp-content\/uploads\/2018\/09\/20180914_164911w-425x243.jpg 425w\" sizes=\"(max-width: 1079px) 100vw, 1079px\" \/><figcaption class=\"wp-caption-text\">Sammy, LB2VI og LB2KE<\/figcaption><\/figure>\n","protected":false},"excerpt":{"rendered":"<p>H\u00f8yfjellskameratene LB2KE, LB2VI og LA6GHA p\u00e5 tur. Denne gangen var det installering av internett og en ny temperatursensor som var turens form\u00e5l. Rune (LB2VI) hadde tatt med en hjelpemotor (Sammy) for \u00e5 spare krefter p\u00e5 tur opp, men om valget var smart er usikkert. Internett blir forh\u00e5pentligvis i orden i l\u00f8pet av noen dager, mens temperatursensoren (nok en DS18B20) virker med det samme. Ettersom er det er begrenset hvor lang &#8220;beacon-teksen&#8221; kan v\u00e6re m\u00e5tte vi gj\u00f8re om teksen. Eksempel: iGate\u00a05\u00a0Watt\u00a0Marsteinsvola\u00a0442moh\u00a0tm=11.4\u00a0th=10.4\u00a0tu=5.4 tm = temperatur i huset i masta (her st\u00e5r APRS-noden) th = temperatur i huset ved siden av masta tu = temperaturen ute (m\u00e5lt p\u00e5<a class=\"more-link\" href=\"https:\/\/www.la9i.no\/index.php\/marsteinsvola-14-september-2018\/\">Read More &rarr;<\/a><\/p>\n","protected":false},"author":1,"featured_media":0,"parent":0,"menu_order":0,"comment_status":"closed","ping_status":"closed","template":"","meta":[],"_links":{"self":[{"href":"https:\/\/www.la9i.no\/index.php\/wp-json\/wp\/v2\/pages\/388"}],"collection":[{"href":"https:\/\/www.la9i.no\/index.php\/wp-json\/wp\/v2\/pages"}],"about":[{"href":"https:\/\/www.la9i.no\/index.php\/wp-json\/wp\/v2\/types\/page"}],"author":[{"embeddable":true,"href":"https:\/\/www.la9i.no\/index.php\/wp-json\/wp\/v2\/users\/1"}],"replies":[{"embeddable":true,"href":"https:\/\/www.la9i.no\/index.php\/wp-json\/wp\/v2\/comments?post=388"}],"version-history":[{"count":6,"href":"https:\/\/www.la9i.no\/index.php\/wp-json\/wp\/v2\/pages\/388\/revisions"}],"predecessor-version":[{"id":399,"href":"https:\/\/www.la9i.no\/index.php\/wp-json\/wp\/v2\/pages\/388\/revisions\/399"}],"wp:attachment":[{"href":"https:\/\/www.la9i.no\/index.php\/wp-json\/wp\/v2\/media?parent=388"}],"curies":[{"name":"wp","href":"https:\/\/api.w.org\/{rel}","templated":true}]}}