{"id":400,"date":"2018-09-20T11:07:32","date_gmt":"2018-09-20T10:07:32","guid":{"rendered":"https:\/\/www.la9i.no\/?page_id=400"},"modified":"2018-09-20T11:12:32","modified_gmt":"2018-09-20T10:12:32","slug":"aprs-noden-pa-marsteinsvola","status":"publish","type":"page","link":"https:\/\/www.la9i.no\/index.php\/aprs-noden-pa-marsteinsvola\/","title":{"rendered":"APRS-noden p\u00e5 Marsteinsvola"},"content":{"rendered":"<h4>APRS-noden (LD7VD) p\u00e5 Marsteinsvola ble installert sommeren 2018 i forbindelse med\u00a0<a href=\"https:\/\/www.la9i.no\/index.php\/2018\/06\/08\/field-day-marsteinsvola-7-juni-2018\/\">field-day den 7. juni<\/a>.<\/h4>\n<p>Noden best\u00e5r av en Raspberry Pi og en tranceiver med ca. 5 watt utgangseffekt p\u00e5 144.800 MHz. Antennen er en vertikal dipol, den samme som ble brukt p\u00e5 pakkeradio-noden som n\u00e5 er demobilisert. I tillegg er det koblet til 3 temperatursensorer av typen Dallas DS18B20. Sensorene er koblet i parallell med en 4k7 ohm pull-up og koblet til GPIO4 som er standard pin for OneWire p\u00e5 Raspberry Pi.<\/p>\n<p><a href=\"https:\/\/www.la9i.no\/index.php\/tur-til-marsteinsvola-7-september-2018\/\">Den 7. september<\/a>\u00a0ble de to f\u00f8rste sensorene installert. Begge m\u00e5ler temperatur innend\u00f8rs; den ene i huset i masta der noden st\u00e5r og den andre i huset s\u00f8r for masta.\u00a0<a href=\"https:\/\/www.la9i.no\/index.php\/marsteinsvola-14-september-2018\/\">Den 14. september<\/a> ble en ekstra sensor installert. Den ble plassert p\u00e5 nordveggen av huset i masta og m\u00e5ler ute-temperatur. I forbindelse med denne omkoblingen brakk den ene foten p\u00e5 4k7-motstanden og man m\u00e5tte improvisere med det man hadde for h\u00e5nden. Vi fant en 1k-motstand som ble brukt som pull-up. Dette er en midlertidig l\u00f8sning.<\/p>\n<p>Den 14. september ble ogs\u00e5 hardware for internett-aksess installert. LD7VD kom online den 18. september. Den er n\u00e5 en iGate\/digipeater og symbolet er endret til en &#8220;green star&#8221;.<\/p>\n<p>Utstyret drives av et 12V batteri. Neste prosjekt blir \u00e5 bygge en spenningssensor for overv\u00e5king av batterispenningen.<\/p>\n<p><img loading=\"lazy\" class=\"alignnone size-full wp-image-403\" src=\"https:\/\/www.la9i.no\/wp-content\/uploads\/2018\/09\/rz.png\" alt=\"\" width=\"383\" height=\"240\" srcset=\"https:\/\/www.la9i.no\/wp-content\/uploads\/2018\/09\/rz.png 383w, https:\/\/www.la9i.no\/wp-content\/uploads\/2018\/09\/rz-300x188.png 300w\" sizes=\"(max-width: 383px) 100vw, 383px\" \/><\/p>\n<p>1N4740 er en 10V zener-diode. Spenningen over zener-dioden blir aldri mer enn ca 10V og f\u00f8lgelig kan vi m\u00e5le spenningen over motstanden, legge til 10V og f\u00e5 batterispenningen. \u00c5rsaken til at vi har en zener-diode er at ADC-en (Analog to Digital Converter) sitt dynamiske omr\u00e5de er 0-5V, hvis man velger \u00e5 bruke en Arduino eller tilsvarende microcontroller med analog inngang. Felles jord med batteriet er en forutsetning hvis man vil bruke batteriet som str\u00f8mforsyning til m\u00e5lekretsen fordi en line\u00e6r eller switchet str\u00f8mforsyningen ofte har samme jordpotensiale som batteriet.<\/p>\n<p>&nbsp;<\/p>\n","protected":false},"excerpt":{"rendered":"<p>APRS-noden (LD7VD) p\u00e5 Marsteinsvola ble installert sommeren 2018 i forbindelse med\u00a0field-day den 7. juni. Noden best\u00e5r av en Raspberry Pi og en tranceiver med ca. 5 watt utgangseffekt p\u00e5 144.800 MHz. Antennen er en vertikal dipol, den samme som ble brukt p\u00e5 pakkeradio-noden som n\u00e5 er demobilisert. I tillegg er det koblet til 3 temperatursensorer av typen Dallas DS18B20. Sensorene er koblet i parallell med en 4k7 ohm pull-up og koblet til GPIO4 som er standard pin for OneWire p\u00e5 Raspberry Pi. Den 7. september\u00a0ble de to f\u00f8rste sensorene installert. Begge m\u00e5ler temperatur innend\u00f8rs; den ene i huset i masta der noden st\u00e5r og den<a class=\"more-link\" href=\"https:\/\/www.la9i.no\/index.php\/aprs-noden-pa-marsteinsvola\/\">Read More &rarr;<\/a><\/p>\n","protected":false},"author":1,"featured_media":0,"parent":0,"menu_order":0,"comment_status":"closed","ping_status":"closed","template":"","meta":[],"_links":{"self":[{"href":"https:\/\/www.la9i.no\/index.php\/wp-json\/wp\/v2\/pages\/400"}],"collection":[{"href":"https:\/\/www.la9i.no\/index.php\/wp-json\/wp\/v2\/pages"}],"about":[{"href":"https:\/\/www.la9i.no\/index.php\/wp-json\/wp\/v2\/types\/page"}],"author":[{"embeddable":true,"href":"https:\/\/www.la9i.no\/index.php\/wp-json\/wp\/v2\/users\/1"}],"replies":[{"embeddable":true,"href":"https:\/\/www.la9i.no\/index.php\/wp-json\/wp\/v2\/comments?post=400"}],"version-history":[{"count":6,"href":"https:\/\/www.la9i.no\/index.php\/wp-json\/wp\/v2\/pages\/400\/revisions"}],"predecessor-version":[{"id":410,"href":"https:\/\/www.la9i.no\/index.php\/wp-json\/wp\/v2\/pages\/400\/revisions\/410"}],"wp:attachment":[{"href":"https:\/\/www.la9i.no\/index.php\/wp-json\/wp\/v2\/media?parent=400"}],"curies":[{"name":"wp","href":"https:\/\/api.w.org\/{rel}","templated":true}]}}