{"id":425,"date":"2018-10-02T06:50:50","date_gmt":"2018-10-02T05:50:50","guid":{"rendered":"https:\/\/www.la9i.no\/?page_id=425"},"modified":"2019-09-06T05:17:47","modified_gmt":"2019-09-06T04:17:47","slug":"vedlikehold-marsteinsvola-29-september-2018","status":"publish","type":"page","link":"https:\/\/www.la9i.no\/index.php\/vedlikehold-marsteinsvola-29-september-2018\/","title":{"rendered":"Vedlikehold, Marsteinsvola 29. september 2018"},"content":{"rendered":"<p>Kort tid etter at vi gikk ned fra Marsteinsvola den <a href=\"https:\/\/www.la9i.no\/index.php\/marsteinsvola-14-september-2018\/\">14. september<\/a> sluttet APRS-noden \u00e5 sende. Vi h\u00f8rte en umodulert b\u00e6reb\u00f8lge s\u00e5 radioen var i orden, men ikke noe audio. L\u00f8rdag 29. september gikk jeg opp for \u00e5 finne ut hva som var feil. I sekken hadde jeg med en ADC (Analog-til-digital konverter) som skulle m\u00e5le\u00a0<a href=\"https:\/\/www.la9i.no\/index.php\/maling-av-batterispenning\/\">batterispenningen<\/a>\u00a0p\u00e5 12V-anlegget.<\/p>\n<p>Jeg fant ingen feil med verken radio eller AX.25-modemet, og noden ble i orden uten at jeg kunne fastsl\u00e5 hva som var feil. Jeg gjetter det er d\u00e5rlig kontakt. Sannsynligvis i pot-metret som regulerer audio-niv\u00e5et ut. Det sto nesten p\u00e5 null s\u00e5 jeg tok det opp litt.<\/p>\n<p>Vind f\u00f8rer til store vibrasjoner i masta som forplanter seg til rommet utstyret st\u00e5r i, noe som kan forklare problemene.<\/p>\n<p>Spenningsm\u00e5lingen fungerer som forventet og viser seg \u00e5 v\u00e6re sv\u00e6rt n\u00f8yaktig.\u00a0ADS1115 er en 16-bits ADC og jeg har valgt \u00e5 runde av m\u00e5lingene slik at oppl\u00f8sningen blir 10mV. Spenningen m\u00e5les p\u00e5 APRS-noden s\u00e5 det blir noe spenningsfall n\u00e5r for eksempel FM-linken brukes. Grafen under viser dette spenningsfallet. Det var LB2VI og LA6GHA som hadde en QSO over FM-linken litt f\u00f8r klokka 18:00\u00a0den 1. oktober.<\/p>\n<p><img loading=\"lazy\" class=\"alignnone size-full wp-image-432\" src=\"https:\/\/www.la9i.no\/wp-content\/uploads\/2018\/10\/temperaturemeasurement-1.png\" alt=\"\" width=\"707\" height=\"278\" srcset=\"https:\/\/www.la9i.no\/wp-content\/uploads\/2018\/10\/temperaturemeasurement-1.png 707w, https:\/\/www.la9i.no\/wp-content\/uploads\/2018\/10\/temperaturemeasurement-1-300x118.png 300w, https:\/\/www.la9i.no\/wp-content\/uploads\/2018\/10\/temperaturemeasurement-1-425x167.png 425w\" sizes=\"(max-width: 707px) 100vw, 707px\" \/><\/p>\n<p>Jeg hadde ogs\u00e5 med et kombinert SWR- og effektmeter. SWR p\u00e5 antenna ble m\u00e5lt til 1:1, mens effekten var ca 1 Watt. LB2KE sier at effekten skal v\u00e6re satt til 5 watt, men det kunne ikke jeg m\u00e5le. SWR\/Power-meter ble ikke tatt med ned, ligger p\u00e5 bordet\/hylla i samme rom som APRS-noden.<\/p>\n<p>Oppdatering: SWR\/Power-meter ble tatt ned 6. juni 2019 i forbindelse med \u00e5rets field-day.\u00a0<a href=\"https:\/\/www.la9i.no\/index.php\/2019\/06\/07\/field-day-6-juni-2019\/\">Field-day 2019<\/a><\/p>\n<p>Link til telemetri-m\u00e5linger for LD7VD:\u00a0<a href=\"https:\/\/aprs.fi\/telemetry\/a\/LD7VD\">https:\/\/aprs.fi\/telemetry\/a\/LD7VD<\/a><\/p>\n<p>73 de LA6GHA<\/p>\n\n\n<p><\/p>\n","protected":false},"excerpt":{"rendered":"<p>Kort tid etter at vi gikk ned fra Marsteinsvola den 14. september sluttet APRS-noden \u00e5 sende. Vi h\u00f8rte en umodulert b\u00e6reb\u00f8lge s\u00e5 radioen var i orden, men ikke noe audio. L\u00f8rdag 29. september gikk jeg opp for \u00e5 finne ut hva som var feil. I sekken hadde jeg med en ADC (Analog-til-digital konverter) som skulle m\u00e5le\u00a0batterispenningen\u00a0p\u00e5 12V-anlegget. Jeg fant ingen feil med verken radio eller AX.25-modemet, og noden ble i orden uten at jeg kunne fastsl\u00e5 hva som var feil. Jeg gjetter det er d\u00e5rlig kontakt. Sannsynligvis i pot-metret som regulerer audio-niv\u00e5et ut. Det sto nesten p\u00e5 null s\u00e5 jeg tok det opp litt. Vind<a class=\"more-link\" href=\"https:\/\/www.la9i.no\/index.php\/vedlikehold-marsteinsvola-29-september-2018\/\">Read More &rarr;<\/a><\/p>\n","protected":false},"author":1,"featured_media":0,"parent":0,"menu_order":0,"comment_status":"closed","ping_status":"closed","template":"","meta":[],"_links":{"self":[{"href":"https:\/\/www.la9i.no\/index.php\/wp-json\/wp\/v2\/pages\/425"}],"collection":[{"href":"https:\/\/www.la9i.no\/index.php\/wp-json\/wp\/v2\/pages"}],"about":[{"href":"https:\/\/www.la9i.no\/index.php\/wp-json\/wp\/v2\/types\/page"}],"author":[{"embeddable":true,"href":"https:\/\/www.la9i.no\/index.php\/wp-json\/wp\/v2\/users\/1"}],"replies":[{"embeddable":true,"href":"https:\/\/www.la9i.no\/index.php\/wp-json\/wp\/v2\/comments?post=425"}],"version-history":[{"count":13,"href":"https:\/\/www.la9i.no\/index.php\/wp-json\/wp\/v2\/pages\/425\/revisions"}],"predecessor-version":[{"id":541,"href":"https:\/\/www.la9i.no\/index.php\/wp-json\/wp\/v2\/pages\/425\/revisions\/541"}],"wp:attachment":[{"href":"https:\/\/www.la9i.no\/index.php\/wp-json\/wp\/v2\/media?parent=425"}],"curies":[{"name":"wp","href":"https:\/\/api.w.org\/{rel}","templated":true}]}}