{"id":626,"date":"2020-09-20T10:24:00","date_gmt":"2020-09-20T09:24:00","guid":{"rendered":"https:\/\/www.la9i.no\/?page_id=626"},"modified":"2021-04-23T08:26:04","modified_gmt":"2021-04-23T07:26:04","slug":"ny-crossband-repeater-pa-marsteinsvola","status":"publish","type":"page","link":"https:\/\/www.la9i.no\/index.php\/ny-crossband-repeater-pa-marsteinsvola\/","title":{"rendered":"Ny crossband-repeater p\u00e5 Marsteinsvola."},"content":{"rendered":"\n<p> Det er p\u00e5 tide \u00e5 bytte ut den gamle FM-linken med mer moderne utstyr.  <\/p>\n\n\n\n<figure class=\"wp-block-image size-large\"><img loading=\"lazy\" width=\"1024\" height=\"290\" src=\"https:\/\/www.la9i.no\/wp-content\/uploads\/2020\/09\/DR-2X_front-1024x290.jpg\" alt=\"\" class=\"wp-image-628\" srcset=\"https:\/\/www.la9i.no\/wp-content\/uploads\/2020\/09\/DR-2X_front-1024x290.jpg 1024w, https:\/\/www.la9i.no\/wp-content\/uploads\/2020\/09\/DR-2X_front-300x85.jpg 300w, https:\/\/www.la9i.no\/wp-content\/uploads\/2020\/09\/DR-2X_front-768x217.jpg 768w, https:\/\/www.la9i.no\/wp-content\/uploads\/2020\/09\/DR-2X_front-1536x435.jpg 1536w, https:\/\/www.la9i.no\/wp-content\/uploads\/2020\/09\/DR-2X_front-2048x580.jpg 2048w, https:\/\/www.la9i.no\/wp-content\/uploads\/2020\/09\/DR-2X_front-425x120.jpg 425w\" sizes=\"(max-width: 1024px) 100vw, 1024px\" \/><figcaption> Yaesu DR-2X<\/figcaption><\/figure>\n\n\n\n<p>Vi har kj\u00f8pt en Yaesu DR-2X som skal erstatte FM-linken. <\/p>\n\n\n\n<p>Kallesignalet blir <strong>LA8JR<\/strong> og det blir en crossband-repeater med uplink p\u00e5 VHF og downlink p\u00e5 UHF. <\/p>\n\n\n\n<p>Det vil si at repeateren lytter p\u00e5 2m og sender p\u00e5 70cm. I f\u00f8lge b\u00e5ndplanen p\u00e5 <a href=\"https:\/\/www.nrrl.no\/images\/bandplaner\/BP2016-70cm.pdf\">https:\/\/www.nrrl.no\/images\/bandplaner\/BP2016-70cm.pdf<\/a> kan frekvensomr\u00e5det 433.000 MHz til 433.225 MHz benyttes, og det er naturlig \u00e5 beholde 433.000 MHz slik den st\u00e5r i dag. Ikke bare p\u00e5 grunn av at dette er en kjent frekvens, men ogs\u00e5 fordi vi vil s\u00e5 langt unna DMR-repeateren p\u00e5 434.600 MHz som mulig. DMR- repeateren har meget god isolasjon til nabofrekvenser p\u00e5 grunn av duplexeren som gir bedre enn 90 dB isolasjon p\u00e5 2 MHz split. N\u00e5 er det riktignok bare 1.6 MHz mellom 434.600 og 433.000, men det b\u00f8r likevel ikke by p\u00e5 problemer for DMR-repeateren. <\/p>\n\n\n\n<p>Crossband-repeateren bryr seg ikke om signaler p\u00e5 UHF ettersom den kun sender p\u00e5 dette b\u00e5ndet s\u00e5 er det ikke behov for filter her. Den vil f\u00e5 RX p\u00e5 145.450 MHz og det kan komme i konflikt med APRS-noden p\u00e5 144.800 MHz, men denne noden sender med lav effekt (1 watt i dag). Det er ikke n\u00f8dvendig for APRS-noden \u00e5 sende med mer enn 1 watt ettersom noden har internett-forbindelse. Strengt tatt kunne APRS-noden v\u00e6rt en RX-only internet gateway.<\/p>\n\n\n\n<p>Den nye crossband-repeateren vil identifisere seg som LA8JR p\u00e5 CW og vi legger inn CTCSS (Continuous Tone-Coded Squelch System) p\u00e5 85.4 Hz. Den \u00e5pnes som en vanlig repeater og oppf\u00f8rer seg som en vanlig repeater bortsett fra at den f\u00e5r repeater split p\u00e5 287.550 MHz.<\/p>\n\n\n\n<p>For \u00e5 kunne benytte repeateren m\u00e5 man ha en dual-band tranceiver. En kinesisk billigradio, for eksempel Baofeng UV5R som koster mindre enn 300 kroner, er nok. Man legger inn frekvensen 433.000 MHz og setter offset til 287.550 MHz med negativ split. Den vil da sende p\u00e5 145.450 MHz og motta p\u00e5 433.000 MHz. Husk subtone p\u00e5 85.4 Hz. Det er kun n\u00f8dvendig med TX-subtone.<\/p>\n\n\n\n<p><s>Planen er \u00e5 f\u00e5 den nye crossband-repeateren QRV i l\u00f8pet av h\u00f8sten 2020. <\/s><\/p>\n\n\n\n<p>Oppdatering, januar 2021: Det ble ikke tid til \u00e5 f\u00e5 den nye repeateren QRV i 2020 s\u00e5 vi satser p\u00e5 \u00e5 f\u00e5 til dette i l\u00f8pet av v\u00e5ren\/sommeren 2021<\/p>\n\n\n\n<p>Det har ogs\u00e5 v\u00e6rt diskutert om det er mulig \u00e5 konfigurere repeateren (DR-2X) som en &#8220;bridging bi-directional crossband repeater&#8221;, alts\u00e5 slik som den eksisterende FM-linken opererer i dag. Det vil si at repeateren lytter p\u00e5 begge b\u00e5nd, og sende det den mottar p\u00e5 motsatt b\u00e5nd. Dagens &#8220;FM-link&#8221; har to separate tranceivere med hver sitt sender-rel\u00e9 og hver sin antenne. Yaesu DR-2X har ut- og innganger for TX- og RX-antenne.<\/p>\n\n\n\n<p>Det er ikke direkte enkelt \u00e5 f\u00e5 til en slik mode p\u00e5 DR-2X uten \u00e5 kj\u00f8pe en del tilleggsutstyr. For eksempel trenger vi et kostbart filter for \u00e5 unng\u00e5 interferens fra DMR-repeateren som sender p\u00e5 432.600 MHz. Dette vil koste godt over ti tusen kroner. Vi trenger ogs\u00e5 to antenne-switcher og sannsynligvis elektronikk for logikken. <\/p>\n\n\n\n<p>Ettersom uplink blir p\u00e5 VHF og repeateren sender med relativt stor effekt tror vi ikke at rekkevidden blir d\u00e5rligere enn dagens FM-link. <\/p>\n","protected":false},"excerpt":{"rendered":"<p>Det er p\u00e5 tide \u00e5 bytte ut den gamle FM-linken med mer moderne utstyr. Vi har kj\u00f8pt en Yaesu DR-2X som skal erstatte FM-linken. Kallesignalet blir LA8JR og det blir en crossband-repeater med uplink p\u00e5 VHF og downlink p\u00e5 UHF. Det vil si at repeateren lytter p\u00e5 2m og sender p\u00e5 70cm. I f\u00f8lge b\u00e5ndplanen p\u00e5 https:\/\/www.nrrl.no\/images\/bandplaner\/BP2016-70cm.pdf kan frekvensomr\u00e5det 433.000 MHz til 433.225 MHz benyttes, og det er naturlig \u00e5 beholde 433.000 MHz slik den st\u00e5r i dag. Ikke bare p\u00e5 grunn av at dette er en kjent frekvens, men ogs\u00e5 fordi vi vil s\u00e5 langt unna DMR-repeateren p\u00e5 434.600 MHz som mulig. DMR- repeateren<a class=\"more-link\" href=\"https:\/\/www.la9i.no\/index.php\/ny-crossband-repeater-pa-marsteinsvola\/\">Read More &rarr;<\/a><\/p>\n","protected":false},"author":1,"featured_media":0,"parent":0,"menu_order":0,"comment_status":"closed","ping_status":"closed","template":"","meta":[],"_links":{"self":[{"href":"https:\/\/www.la9i.no\/index.php\/wp-json\/wp\/v2\/pages\/626"}],"collection":[{"href":"https:\/\/www.la9i.no\/index.php\/wp-json\/wp\/v2\/pages"}],"about":[{"href":"https:\/\/www.la9i.no\/index.php\/wp-json\/wp\/v2\/types\/page"}],"author":[{"embeddable":true,"href":"https:\/\/www.la9i.no\/index.php\/wp-json\/wp\/v2\/users\/1"}],"replies":[{"embeddable":true,"href":"https:\/\/www.la9i.no\/index.php\/wp-json\/wp\/v2\/comments?post=626"}],"version-history":[{"count":8,"href":"https:\/\/www.la9i.no\/index.php\/wp-json\/wp\/v2\/pages\/626\/revisions"}],"predecessor-version":[{"id":699,"href":"https:\/\/www.la9i.no\/index.php\/wp-json\/wp\/v2\/pages\/626\/revisions\/699"}],"wp:attachment":[{"href":"https:\/\/www.la9i.no\/index.php\/wp-json\/wp\/v2\/media?parent=626"}],"curies":[{"name":"wp","href":"https:\/\/api.w.org\/{rel}","templated":true}]}}