{"id":644,"date":"2020-10-04T07:39:57","date_gmt":"2020-10-04T06:39:57","guid":{"rendered":"https:\/\/www.la9i.no\/?page_id=644"},"modified":"2020-10-11T07:27:50","modified_gmt":"2020-10-11T06:27:50","slug":"tur-til-marsteinsvola-3-oktober-2020","status":"publish","type":"page","link":"https:\/\/www.la9i.no\/index.php\/tur-til-marsteinsvola-3-oktober-2020\/","title":{"rendered":"Tur til Marsteinsvola 3. oktober 2020"},"content":{"rendered":"\n<h3>Hytta i masta m\u00e5tte repareres p\u00e5 grunn av stor r\u00e5teskade. Tre spreke karer startet tidlig l\u00f8rdag morgen. Utstyrt med usedvanlig godt hum\u00f8r og et bensindrevet beltedyr ankom vi Marsteinsvola klokka 09:30 klar for innsats. <\/h3>\n\n\n\n<figure class=\"wp-block-image size-large\"><img loading=\"lazy\" width=\"1024\" height=\"576\" src=\"https:\/\/www.la9i.no\/wp-content\/uploads\/2020\/10\/20201003_04-1024x576.jpg\" alt=\"\" class=\"wp-image-645\" srcset=\"https:\/\/www.la9i.no\/wp-content\/uploads\/2020\/10\/20201003_04-1024x576.jpg 1024w, https:\/\/www.la9i.no\/wp-content\/uploads\/2020\/10\/20201003_04-300x169.jpg 300w, https:\/\/www.la9i.no\/wp-content\/uploads\/2020\/10\/20201003_04-768x432.jpg 768w, https:\/\/www.la9i.no\/wp-content\/uploads\/2020\/10\/20201003_04-1536x864.jpg 1536w, https:\/\/www.la9i.no\/wp-content\/uploads\/2020\/10\/20201003_04-2048x1152.jpg 2048w, https:\/\/www.la9i.no\/wp-content\/uploads\/2020\/10\/20201003_04-425x239.jpg 425w\" sizes=\"(max-width: 1024px) 100vw, 1024px\" \/><figcaption>Vognkommand\u00f8r LV2VI og vognf\u00f8rer LB2KE. Foto: Skytter LA6GHA<\/figcaption><\/figure>\n\n\n\n<p>Ettersom LB2KE var utstyrt med ekspert-kompetansen, var det naturlig at han tok kommandoen og utf\u00f8rte det meste av jobben. Nytt gulv var p\u00e5 plass og resten av hytta ble jekket opp. Nye to-tom-fire-stendere var kappet til rett lengde og manglet bare hull for skruer, noe Rune fikset.<\/p>\n\n\n\n<figure class=\"wp-block-image size-large\"><img loading=\"lazy\" width=\"1024\" height=\"707\" src=\"https:\/\/www.la9i.no\/wp-content\/uploads\/2020\/10\/20201003_03-1024x707.jpg\" alt=\"\" class=\"wp-image-647\" srcset=\"https:\/\/www.la9i.no\/wp-content\/uploads\/2020\/10\/20201003_03-1024x707.jpg 1024w, https:\/\/www.la9i.no\/wp-content\/uploads\/2020\/10\/20201003_03-300x207.jpg 300w, https:\/\/www.la9i.no\/wp-content\/uploads\/2020\/10\/20201003_03-768x530.jpg 768w, https:\/\/www.la9i.no\/wp-content\/uploads\/2020\/10\/20201003_03-1536x1060.jpg 1536w, https:\/\/www.la9i.no\/wp-content\/uploads\/2020\/10\/20201003_03-425x293.jpg 425w, https:\/\/www.la9i.no\/wp-content\/uploads\/2020\/10\/20201003_03.jpg 1666w\" sizes=\"(max-width: 1024px) 100vw, 1024px\" \/><figcaption>LB2VI<\/figcaption><\/figure>\n\n\n\n<p>LA6GHA (Robert) hadde med ny elektronikk for m\u00e5ling av batterispenningen. Den gamle l\u00f8sningen var basert p\u00e5 en 10V zenerdiode, men slike zenerdioder er veldig ustabile i varierende temperatur. Ny l\u00f8sning ble en programmerbar zenerdiode av typen TL431. Denne m\u00e5 ha en katodestr\u00f8m mellom 1 og 100 mA. Det ble valgt en 220 ohms motstand over Vbatt-10V noe som gir ca 15 mA ved Vbatt=13.3V<\/p>\n\n\n\n<p>En bug i Python (manglende tabulator) f\u00f8rte til at m\u00e5lingene l\u00e5 p\u00e5 13.29V, men dette ble fikset s\u00f8ndag morgen. <\/p>\n\n\n\n<p>Link til m\u00e5linger: <a href=\"https:\/\/www.la9i.no\/div\/voltmar.html\">https:\/\/www.la9i.no\/div\/voltmar.html<\/a><\/p>\n\n\n\n<p>M\u00e5lepunktet er i andre etasje og dermed vil m\u00e5lingene p\u00e5virkes av spenningsfall n\u00e5r radioutstyr sender, ettersom batteriet st\u00e5r i f\u00f8rste etasje. APRS-noden sender med lav effekt og i korte perioder s\u00e5 denne gir ikke store utslag, men FM-linken (og etter hvert den nye cross-band-repeateren) gir betydelig spenningsfall og gir f\u00f8lgelig utslag p\u00e5 m\u00e5lingene. Dette er delvis gjort med hensikt slik at vi kan se hvor ofte utstyret er i bruk. Det var ogs\u00e5 lettvint \u00e5 ta ut m\u00e5lepunktet i n\u00e6rheten av m\u00e5lekretsen.<\/p>\n","protected":false},"excerpt":{"rendered":"<p>Hytta i masta m\u00e5tte repareres p\u00e5 grunn av stor r\u00e5teskade. Tre spreke karer startet tidlig l\u00f8rdag morgen. Utstyrt med usedvanlig godt hum\u00f8r og et bensindrevet beltedyr ankom vi Marsteinsvola klokka 09:30 klar for innsats. Ettersom LB2KE var utstyrt med ekspert-kompetansen, var det naturlig at han tok kommandoen og utf\u00f8rte det meste av jobben. Nytt gulv var p\u00e5 plass og resten av hytta ble jekket opp. Nye to-tom-fire-stendere var kappet til rett lengde og manglet bare hull for skruer, noe Rune fikset. LA6GHA (Robert) hadde med ny elektronikk for m\u00e5ling av batterispenningen. Den gamle l\u00f8sningen var basert p\u00e5 en 10V zenerdiode, men slike zenerdioder er veldig<a class=\"more-link\" href=\"https:\/\/www.la9i.no\/index.php\/tur-til-marsteinsvola-3-oktober-2020\/\">Read More &rarr;<\/a><\/p>\n","protected":false},"author":1,"featured_media":0,"parent":0,"menu_order":0,"comment_status":"closed","ping_status":"closed","template":"","meta":[],"_links":{"self":[{"href":"https:\/\/www.la9i.no\/index.php\/wp-json\/wp\/v2\/pages\/644"}],"collection":[{"href":"https:\/\/www.la9i.no\/index.php\/wp-json\/wp\/v2\/pages"}],"about":[{"href":"https:\/\/www.la9i.no\/index.php\/wp-json\/wp\/v2\/types\/page"}],"author":[{"embeddable":true,"href":"https:\/\/www.la9i.no\/index.php\/wp-json\/wp\/v2\/users\/1"}],"replies":[{"embeddable":true,"href":"https:\/\/www.la9i.no\/index.php\/wp-json\/wp\/v2\/comments?post=644"}],"version-history":[{"count":10,"href":"https:\/\/www.la9i.no\/index.php\/wp-json\/wp\/v2\/pages\/644\/revisions"}],"predecessor-version":[{"id":666,"href":"https:\/\/www.la9i.no\/index.php\/wp-json\/wp\/v2\/pages\/644\/revisions\/666"}],"wp:attachment":[{"href":"https:\/\/www.la9i.no\/index.php\/wp-json\/wp\/v2\/media?parent=644"}],"curies":[{"name":"wp","href":"https:\/\/api.w.org\/{rel}","templated":true}]}}