{"id":7,"date":"2018-02-23T05:03:12","date_gmt":"2018-02-23T05:03:12","guid":{"rendered":"http:\/\/la9i.vktv.no\/?page_id=7"},"modified":"2026-04-25T00:48:10","modified_gmt":"2026-04-24T23:48:10","slug":"home","status":"publish","type":"page","link":"https:\/\/www.la9i.no\/","title":{"rendered":""},"content":{"rendered":"\n<p>Torsdag 23 April stakk fire fra gruppen til gruppem\u00f8te i Stj\u00f8rdal hos LA4M der LB5SH Stian fra Trondheim kom \u00e5 fortalte om ekspedisjonen 3Y0K Bouvet. Veldig trivelig kveld sammen med stj\u00f8rdalingene. Fint foredrag fra Stian. LB2LE, LB3AG, LA6GU og LA9EMA var v\u00e5re menn fra LA9I.<\/p>\n\n\n\n<figure class=\"wp-block-image size-large\"><img loading=\"lazy\" width=\"1024\" height=\"768\" src=\"https:\/\/www.la9i.no\/wp-content\/uploads\/2026\/04\/664904685_1238278528094567_6380636813506076171_n-1024x768.jpg\" alt=\"\" class=\"wp-image-898\" srcset=\"https:\/\/www.la9i.no\/wp-content\/uploads\/2026\/04\/664904685_1238278528094567_6380636813506076171_n-1024x768.jpg 1024w, https:\/\/www.la9i.no\/wp-content\/uploads\/2026\/04\/664904685_1238278528094567_6380636813506076171_n-300x225.jpg 300w, https:\/\/www.la9i.no\/wp-content\/uploads\/2026\/04\/664904685_1238278528094567_6380636813506076171_n-768x576.jpg 768w, https:\/\/www.la9i.no\/wp-content\/uploads\/2026\/04\/664904685_1238278528094567_6380636813506076171_n-1536x1152.jpg 1536w, https:\/\/www.la9i.no\/wp-content\/uploads\/2026\/04\/664904685_1238278528094567_6380636813506076171_n-425x319.jpg 425w, https:\/\/www.la9i.no\/wp-content\/uploads\/2026\/04\/664904685_1238278528094567_6380636813506076171_n.jpg 2048w\" sizes=\"(max-width: 1024px) 100vw, 1024px\" \/><\/figure>\n\n\n\n<p style=\"font-size:26px\">DMR Online<\/p>\n\n\n\n<p>12.02.2026<\/p>\n\n\n\n<p>LA6GHA Robert melder at DMR er p\u00e5 nett igjen etter litt triksing og miksing inne i ruteren via remote. Tr\u00e5dl\u00f8st er fremdeles nede s\u00e5 Loraen fungerer bare som en digipeater. Det g\u00e5r ikke \u00e5 restarte router via remote.<\/p>\n\n\n\n<hr class=\"wp-block-separator\"\/>\n\n\n\n<h2>Repeater har ny imidlertid antenne<\/h2>\n\n\n\n<p>P\u00e5 lille julaften ble VHF antenna p\u00e5 toppen koblet fra repeater pga h\u00f8y SWR og d\u00e5rlig RX\/TX.<br>LB2LE Eilif hadde en ny Diamond X-50 i garasjen som vi fikk sette opp istede fram til v\u00e5ren til det blir service p\u00e5 det orginalet oppsettet. LA6GU, Per stillte med coax og plugger og undertegnede ordnet med veggfeste og r\u00f8r.<\/p>\n\n\n\n<figure class=\"wp-block-image size-large is-resized\"><img loading=\"lazy\" src=\"https:\/\/www.la9i.no\/wp-content\/uploads\/2025\/12\/IMG_9520-768x1024.jpeg\" alt=\"\" class=\"wp-image-873\" width=\"412\" height=\"549\" srcset=\"https:\/\/www.la9i.no\/wp-content\/uploads\/2025\/12\/IMG_9520-768x1024.jpeg 768w, https:\/\/www.la9i.no\/wp-content\/uploads\/2025\/12\/IMG_9520-225x300.jpeg 225w, https:\/\/www.la9i.no\/wp-content\/uploads\/2025\/12\/IMG_9520-1152x1536.jpeg 1152w, https:\/\/www.la9i.no\/wp-content\/uploads\/2025\/12\/IMG_9520-413x550.jpeg 413w, https:\/\/www.la9i.no\/wp-content\/uploads\/2025\/12\/IMG_9520.jpeg 1536w\" sizes=\"(max-width: 412px) 100vw, 412px\" \/><\/figure>\n\n\n\n<figure class=\"wp-block-image size-large is-resized\"><img loading=\"lazy\" src=\"https:\/\/www.la9i.no\/wp-content\/uploads\/2025\/12\/IMG_9521-768x1024.jpeg\" alt=\"\" class=\"wp-image-874\" width=\"338\" height=\"451\" srcset=\"https:\/\/www.la9i.no\/wp-content\/uploads\/2025\/12\/IMG_9521-768x1024.jpeg 768w, https:\/\/www.la9i.no\/wp-content\/uploads\/2025\/12\/IMG_9521-225x300.jpeg 225w, https:\/\/www.la9i.no\/wp-content\/uploads\/2025\/12\/IMG_9521-1152x1536.jpeg 1152w, https:\/\/www.la9i.no\/wp-content\/uploads\/2025\/12\/IMG_9521-413x550.jpeg 413w, https:\/\/www.la9i.no\/wp-content\/uploads\/2025\/12\/IMG_9521.jpeg 1536w\" sizes=\"(max-width: 338px) 100vw, 338px\" \/><\/figure>\n\n\n\n<p>Gikk opp tidlig lillejulaften og det var isete hele veien inn Ydsedalen. Opp til toppen fra veien bedre med en del hard sn\u00f8 som man kunne g\u00e5 p\u00e5. Broddef\u00f8re! Fikk satt opp X-50 litt \u00f8st for d\u00f8ren til bua. 30 cm over taket. Allerede p\u00e5 tur hjem kunne man merke stor forskjell i positiv forstand. LB8PI, Frode i \u00c5senfjorden kunne melde at han kunne \u00e5pne Marstein for f\u00f8rste gang p\u00e5 lenge. Det er litt mer st\u00f8y n\u00e5 enn tidligere men fremdeles mye bedre mottak, Power er 5W og repeater g\u00e5r bedre n\u00e5 med 5 w enn hva den gjorde med gamle antenna og 25w. <\/p>\n\n\n\n<p>Frekvensen er fremdeles 145.575 -600. subtone 123.0.<\/p>\n\n\n\n<figure class=\"wp-block-image size-large\"><img loading=\"lazy\" width=\"768\" height=\"1024\" src=\"https:\/\/www.la9i.no\/wp-content\/uploads\/2025\/12\/IMG_9516-768x1024.jpeg\" alt=\"\" class=\"wp-image-875\" srcset=\"https:\/\/www.la9i.no\/wp-content\/uploads\/2025\/12\/IMG_9516-768x1024.jpeg 768w, https:\/\/www.la9i.no\/wp-content\/uploads\/2025\/12\/IMG_9516-225x300.jpeg 225w, https:\/\/www.la9i.no\/wp-content\/uploads\/2025\/12\/IMG_9516-1152x1536.jpeg 1152w, https:\/\/www.la9i.no\/wp-content\/uploads\/2025\/12\/IMG_9516-413x550.jpeg 413w, https:\/\/www.la9i.no\/wp-content\/uploads\/2025\/12\/IMG_9516.jpeg 1536w\" sizes=\"(max-width: 768px) 100vw, 768px\" \/><\/figure>\n\n\n\n<figure class=\"wp-block-image size-large\"><img loading=\"lazy\" width=\"768\" height=\"1024\" src=\"https:\/\/www.la9i.no\/wp-content\/uploads\/2025\/12\/IMG_9515-768x1024.jpeg\" alt=\"\" class=\"wp-image-876\" srcset=\"https:\/\/www.la9i.no\/wp-content\/uploads\/2025\/12\/IMG_9515-768x1024.jpeg 768w, https:\/\/www.la9i.no\/wp-content\/uploads\/2025\/12\/IMG_9515-225x300.jpeg 225w, https:\/\/www.la9i.no\/wp-content\/uploads\/2025\/12\/IMG_9515-1152x1536.jpeg 1152w, https:\/\/www.la9i.no\/wp-content\/uploads\/2025\/12\/IMG_9515-413x550.jpeg 413w, https:\/\/www.la9i.no\/wp-content\/uploads\/2025\/12\/IMG_9515.jpeg 1536w\" sizes=\"(max-width: 768px) 100vw, 768px\" \/><\/figure>\n\n\n\n<p>God jul og godt nytt\u00e5r. Bruk repeateren! <\/p>\n\n\n\n<p>LB3AG, K\u00e5re Arnfinn<\/p>\n\n\n\n<h2>APRS restartet<\/h2>\n\n\n\n<p><em>17.12.2025<\/em><\/p>\n\n\n\n<p>Etter foresp\u00f8rsel fra Robert LA6GHA stakk jeg opp til Vola i dag og restartet APRS. Robert guidet meg via telefon. N\u00e5 er den qrv igjen etter \u00e5 ha v\u00e6rt qrt i par uker. Systemet hadde l\u00e5st seg. Forferdelig f\u00f8re for fjelltur. Gikk ydsedalen inn s\u00e5 opp til Vola da veien var polert og ikke kj\u00f8rbar. Oppover en del blankpolert sn\u00f8 og noen plasser skikkerlig gjennomslag. Trenger mer sn\u00f8 for ski, mindre sn\u00f8 for g\u00e5tur. Bl\u00e5 strek p\u00e5 kart er Lora APRS i bil. Lysebl\u00e5 strek er APRS p\u00e5 handapperat.<\/p>\n\n\n\n<figure class=\"wp-block-image size-large\"><img loading=\"lazy\" width=\"764\" height=\"715\" src=\"https:\/\/www.la9i.no\/wp-content\/uploads\/2025\/12\/image.png\" alt=\"\" class=\"wp-image-869\" srcset=\"https:\/\/www.la9i.no\/wp-content\/uploads\/2025\/12\/image.png 764w, https:\/\/www.la9i.no\/wp-content\/uploads\/2025\/12\/image-300x281.png 300w, https:\/\/www.la9i.no\/wp-content\/uploads\/2025\/12\/image-425x398.png 425w\" sizes=\"(max-width: 764px) 100vw, 764px\" \/><\/figure>\n\n\n\n<p>LB3AG K\u00e5re Arnfinn<\/p>\n\n\n\n<h2>LORA APRS n\u00e5 p\u00e5 nett<\/h2>\n\n\n\n<p>LA9I-10 p\u00e5 Marstein har n\u00e5 f\u00e5tt internett. Flyttet ogs\u00e5 p\u00e5 posisjonen s\u00e5nn at logoen til loraen ikke l\u00e5 opp\u00e5 de andre.<\/p>\n\n\n\n<figure class=\"wp-block-image size-large\"><img loading=\"lazy\" width=\"482\" height=\"350\" src=\"https:\/\/www.la9i.no\/wp-content\/uploads\/2025\/10\/image.png\" alt=\"\" class=\"wp-image-863\" srcset=\"https:\/\/www.la9i.no\/wp-content\/uploads\/2025\/10\/image.png 482w, https:\/\/www.la9i.no\/wp-content\/uploads\/2025\/10\/image-300x218.png 300w, https:\/\/www.la9i.no\/wp-content\/uploads\/2025\/10\/image-315x230.png 315w, https:\/\/www.la9i.no\/wp-content\/uploads\/2025\/10\/image-425x309.png 425w\" sizes=\"(max-width: 482px) 100vw, 482px\" \/><\/figure>\n\n\n\n<p>LB3AG 08.10.2025<\/p>\n\n\n\n<hr class=\"wp-block-separator\"\/>\n\n\n\n<h2>Internett p\u00e5 Marsteinsvola er tilbake<\/h2>\n\n\n\n<p>N\u00e5 har vi igjen f\u00e5tt internett p\u00e5 Marsteinsvola. Vi er i testefasen og det kan v\u00e6re litt ustabilt.<\/p>\n\n\n\n<p>Det vil si at man igjen kan bruke DMR-repeateren som normalt, ikke bare lokalt, og at APRS-data g\u00e5r direkte til server.<\/p>\n\n\n\n<p>LA6GHA, Robert. 1. oktober 2025<\/p>\n\n\n\n<hr class=\"wp-block-separator\"\/>\n\n\n\n<p><strong>LORA APRS p\u00e5 Marstein<\/strong><\/p>\n\n\n\n<p>S\u00f8ndag 13 juli tok undertegnede turen opp til Marsteinsvola for \u00e5 koble opp en LORA APRS digipeater. Den er n\u00e5 QRV som LA9I-10. Enheten er en Lilygo Lora 32 med 100mw. Vi radioamat\u00f8rer har n\u00e5 tillatelse til \u00e5 bruke st\u00f8rre b\u00e5ndbredde enn 30 kHz i deler av 70 cm-b\u00e5ndet. Det ble s\u00f8kt om dette fordi det \u00f8nskes muligheter for \u00e5 eksperimentere med modulasjoner som krever st\u00f8rre b\u00e5ndbredde enn det som har v\u00e6rt tillatt. NRRL har \u00f8nsket at deler av 70 cm-b\u00e5ndet blir tilgjengelig for slik eksperimentering.<\/p>\n\n\n\n<p>Nkom har im\u00f8tekommet NRRLs s\u00f8knad og gir radioamat\u00f8rene i Norge tillatelse til \u00e5 bruke en b\u00e5ndbredde p\u00e5 inntil 200 kHz i frekvensomr\u00e5det 433,600 MHz \u2013 434,000 MHz til bruk ved eksperimentering med digitale og spredd spektrum modulasjoner.<\/p>\n\n\n\n<p><a href=\"https:\/\/lora.ham-radio-op.net\/?center=63.3287,11.7719&amp;zoom=8&amp;fbclid=IwY2xjawLgh1tleHRuA2FlbQIxMABicmlkETFJNHlJRHpCR2VtbUt3VWU0AR7-z_daTqtf8-sCkDLw_CeRYM2jQ6Q3W1zpWieEDwBPb3kSeojdRzbQ4dH-zQ_aem_xSp0PNNc0FiYF3BM4WAwLQ\">Link til Lora aprs kart<\/a><\/p>\n\n\n\n<p>LB3AG K\u00e5re Arnfinn<\/p>\n\n\n\n<h2>Linker til sider nevnt p\u00e5 m\u00f8tet 12. november 2024.<\/h2>\n\n\n<p>K-index:&nbsp; <a href=\"https:\/\/flux.phys.uit.no\/Kindice\/\">https:\/\/flux.phys.uit.no\/Kindice\/<\/a><\/p>\n<p>HamQSL.com&nbsp;<a href=\"https:\/\/www.hamqsl.com\/\">https:\/\/www.hamqsl.com\/<\/a><\/p>\n<p>NOAA solar wind prediction&nbsp;<a href=\"https:\/\/www.swpc.noaa.gov\/products\/wsa-enlil-solar-wind-prediction\">https:\/\/www.swpc.noaa.gov\/products\/wsa-enlil-solar-wind-prediction<\/a><\/p>\n<p>VOACAP online&nbsp;<a href=\"https:\/\/www.voacap.com\/hf\/\">https:\/\/www.voacap.com\/hf\/<\/a><\/p>\n<h2>&nbsp;<\/h2>\n<h2><strong>Ny repeater Marsteinsvola, LA7JR (RV46)<\/strong><\/h2>\n<p><span class=\"ui-provider a b c d e f g h i j k l m n o p q r s t u v w x y z ab ac ae af ag ah ai aj ak\" dir=\"ltr\">QRG: 144.9750\/145.5750 MHz. CTCSS (subtone) 123 Hz. (PL: 3Z)<\/span><\/p>\n<p>Utgangseffekt testes: 5 eller 20 watt.<\/p>\n<p>Yaesu DR-2X<\/p>\n<p><\/p>\n<p><\/p><center><img src=\"https:\/\/la9i.no\/div\/getcontent.php?url=http:\/\/www.hamqsl.com\/solar101vhf.php\"><\/center><p><\/p>\n<p><a style=\"display: inline !important;\" href=\"https:\/\/www.la9i.no\/wp-content\/uploads\/2020\/10\/MarsteinsvolaDekningskart.png\"><img loading=\"lazy\" class=\"size-thumbnail wp-image-662 aligncenter\" src=\"https:\/\/www.la9i.no\/wp-content\/uploads\/2020\/10\/MarsteinsvolaDekningskart-150x150.png\" alt=\"Dekningskart\" width=\"150\" height=\"150\"><\/a><\/p>\n<p><\/p>\n<p style=\"text-align: center;\">Marsteinsvola Dekningskart 433 MHz (teoretisk)<\/p>\n<hr>\n<h2>Informasjon til radioamat\u00f8rer i region Inntr\u00f8ndelag.<\/h2>\n<p>Styret i Inntr\u00f8ndelagsgruppen vil med dette informere alle radioamat\u00f8rer i Inntr\u00f8ndelagsregionen om at vi er en aktiv gruppe med m\u00f8telokale p\u00e5 Steinkjer.<\/p>\n<p>Inntr\u00f8ndelagsgruppen ble startet av radioamat\u00f8rer fra omr\u00e5dene Levanger, Verdal, Inder\u00f8y og<br>Steinkjer i 1984. Blant pionerene var LA0CQ, LA3EN, LA8WG, LA8DV, LA4PD, LA7FV,<br>LA8UF, LA7CH og LA9JK. Gruppen fikk egen signatur, LA9I, i 1991.<\/p>\n<p>For \u00e5 dele kunnskap og erfaring om blant annet DMR (Digital Mobile Radio), SDR (Software<br>Defined Radio), digitale modes, APRS (Automatic Packet Reporting System), FM-link,<br>repeatere etc. h\u00e5per vi \u00e5 f\u00e5 med flere radioamat\u00f8rer i Inntr\u00f8ndelagsgruppen som for tiden har<br>15 medlemmer.<\/p>\n<p>Solsyklus nr 25 er p\u00e5 vei opp, der forventet topp er i 2025. Det vil si at forholdene p\u00e5<br>kortb\u00f8lge gj\u00f8re det mulig \u00e5 kommunisere med hele verden. Da er det viktig med<br>kunnskapsutveksling.<\/p>\n<p>Inntr\u00f8ndelagsgruppen avholder medlemsm\u00f8ter hver tredje torsdag i m\u00e5neden i Steinkjer<br>Skytterlag sine lokaler p\u00e5 Lerkehaug.<\/p>\n<p>I desember 1988 fikk gruppen overta ei 30m h\u00f8y antennemast oppe p\u00e5 Marsteinsvola i Verdal<br>(442 moh). Denne antennemasta har v\u00e6rt sentral i gruppens aktivitet. Pr. i dag har vi APRSnode for 2m, og FM-link (cross-band repeater). P\u00e5 Offen\u00e5sen st\u00e5r det ogs\u00e5 en APRS-node.<\/p>\n<p>Inntr\u00f8ndelagsgruppen \u00f8nsker \u00e5 komme i kontakt med s\u00e5 mange radioamat\u00f8rer i<br>Inntr\u00f8ndelagsregionen som mulig. Medlemskontingenten er for tiden kr. 100,00 pr. \u00e5r.<br>Ta gjerne kontakt med Inntr\u00f8ndelagsgruppen, la9i[at]la9i.no<\/p>\n<p>Vennlig hilsen<br>Inntr\u00f8ndelagsgruppen av NRRL<br>v\/ Styret<\/p>\n<hr>\n<p style=\"font-weight: 400;\">\u00d8nsker du \u00e5 gi din grasrotandel til LA9I?<\/p>\n<p style=\"font-weight: 400;\">Din grasrotmottaker:<\/p>\n<p style=\"font-weight: 400;\"><strong>INNTR\u00d8NDELAGSGRUPPEN AV NORSK RADIO REL\u00c6 LIGA<\/strong><\/p>\n<p style=\"font-weight: 400;\">G\u00e5 inn p\u00e5 din side (Norsk Tipping) og velg Grasrotandel \u00e5 legg inn Org.nr:&nbsp;993 853&nbsp;372<\/p>\n<hr>\n<p><!-- p>APRS-kartet er fjernet fordi aprf.fi har sl\u00e5tt av denne muligheten. \u00c5rsaken er at Google har endret prispolitikk. Heikki Hannikainen skriver: \"<em>I might be looking at a bill of 4000-5000\u20ac per month, which\u00a0obviously is something that I can't do<\/em>\". Det kan hende aprs.fi bytter til noe annet enn Google Maps, og da kommer sannsynligvis kartet tilbake.<\/p --><!--\n\n\n\n\n\n\n\n\n\n\n\n\n\n\n\n\n\n\n\n\n\n\n\n\n\n\n\n\n\n\n\n\n\n\n\n\n\n\n\n\n<div class=\"aprs-map\"><script type=\"text\/javascript\">\nvar he_lat = 63.9000;\nvar he_lng = 11.1000;\nvar he_width = '460'; \/\/ \tThe width of the map in pixels\nvar he_height = '460'; \/\/ \tThe height of the map in pixels\nvar he_zoom = 8; \/\/ \t\tMap zoom level\nvar he_show_others = '1';\nvar he_show_aprs = 'w'; \nvar he_show_ais = '';\n<\/script>\n<script type=\"text\/javascript\" src=\"https:\/\/aprs.fi\/js\/embed.js\">\n<\/script><\/div>\n\n\n\n\n\n\n\n\n\n\n\n\n\n\n\n\n\n\n\n\n\n\n\n\n\n\n\n\n\n\n\n\n\n\n\n\n\n\n\n\n\n\n\n\n\n\n\n\n\n\n\n\n\n\n\n\n\n\n\n\n\n\n\n\n\n\n\n\n\n\n\n\n\n\n\n\n\n\n\n\n\n<hr \/>\n\n--><\/p>\n<h2>Nyheter:<\/h2>\n<p><span style=\"color: #ff0000; font-family: Arial; font-size: x-large;\"><b><br><a href=\"https:\/\/www.la9i.no\/index.php\/tur-til-marsteinsvola-3-oktober-2020\/\">Tur til Marsteinsvola 3. oktober 2020<\/a><\/b><\/span><\/p>\n<hr>\n<p><del><span style=\"color: #ff0000; font-family: Arial; font-size: x-large;\"><b><a href=\"https:\/\/www.la9i.no\/index.php\/ny-crossband-repeater-pa-marsteinsvola\/\">Ny crossband-repeater p\u00e5 Marsteinsvola.<\/a><\/b><\/span><\/del><\/p>\n<hr>\n<p>Ny UHF DMR-repeater p\u00e5 Marsteinsvola: LD7VM<\/p>\n<p>434.600 MHz &#8211; 2MHz<\/p>\n<p>Time slots: 1: 242 og 2426, 2: 9 og dynamiske.<\/p>\n<p>NB: Time slot 1 skal kun brukes til anrop. QSY til en annen time slot og TG for at time slot 1 ikke skal bli opptatt for lenge.<\/p>\n\n\n<p><\/p>\n","protected":false},"excerpt":{"rendered":"<p>Torsdag 23 April stakk fire fra gruppen til gruppem\u00f8te i Stj\u00f8rdal hos LA4M der LB5SH Stian fra Trondheim kom \u00e5 fortalte om ekspedisjonen 3Y0K Bouvet. Veldig trivelig kveld sammen med stj\u00f8rdalingene. Fint foredrag fra Stian. LB2LE, LB3AG, LA6GU og LA9EMA var v\u00e5re menn fra LA9I. DMR Online 12.02.2026 LA6GHA Robert melder at DMR er p\u00e5 nett igjen etter litt triksing og miksing inne i ruteren via remote. Tr\u00e5dl\u00f8st er fremdeles nede s\u00e5 Loraen fungerer bare som en digipeater. Det g\u00e5r ikke \u00e5 restarte router via remote. Repeater har ny imidlertid antenne P\u00e5 lille julaften ble VHF antenna p\u00e5 toppen koblet fra repeater pga h\u00f8y SWR<a class=\"more-link\" href=\"https:\/\/www.la9i.no\/\">Read More &rarr;<\/a><\/p>\n","protected":false},"author":1,"featured_media":0,"parent":0,"menu_order":0,"comment_status":"closed","ping_status":"closed","template":"","meta":[],"_links":{"self":[{"href":"https:\/\/www.la9i.no\/index.php\/wp-json\/wp\/v2\/pages\/7"}],"collection":[{"href":"https:\/\/www.la9i.no\/index.php\/wp-json\/wp\/v2\/pages"}],"about":[{"href":"https:\/\/www.la9i.no\/index.php\/wp-json\/wp\/v2\/types\/page"}],"author":[{"embeddable":true,"href":"https:\/\/www.la9i.no\/index.php\/wp-json\/wp\/v2\/users\/1"}],"replies":[{"embeddable":true,"href":"https:\/\/www.la9i.no\/index.php\/wp-json\/wp\/v2\/comments?post=7"}],"version-history":[{"count":110,"href":"https:\/\/www.la9i.no\/index.php\/wp-json\/wp\/v2\/pages\/7\/revisions"}],"predecessor-version":[{"id":901,"href":"https:\/\/www.la9i.no\/index.php\/wp-json\/wp\/v2\/pages\/7\/revisions\/901"}],"wp:attachment":[{"href":"https:\/\/www.la9i.no\/index.php\/wp-json\/wp\/v2\/media?parent=7"}],"curies":[{"name":"wp","href":"https:\/\/api.w.org\/{rel}","templated":true}]}}